{"id":1971,"date":"2023-03-07T11:31:30","date_gmt":"2023-03-07T10:31:30","guid":{"rendered":"https:\/\/crown.mijaros.cz\/?page_id=1971"},"modified":"2023-03-07T19:08:48","modified_gmt":"2023-03-07T18:08:48","slug":"konfigurator-sp","status":"publish","type":"page","link":"https:\/\/crown.cz\/en\/snubni-prsteny\/konfigurator-sp\/","title":{"rendered":"WR configurator"},"content":{"rendered":"<div data-elementor-type=\"wp-page\" data-elementor-id=\"1971\" class=\"elementor elementor-1971\">\n\t\t\t\t\t\t<section class=\"elementor-section elementor-top-section elementor-element elementor-element-d8efad8 elementor-section-boxed elementor-section-height-default elementor-section-height-default\" data-id=\"d8efad8\" data-element_type=\"section\">\n\t\t\t\t\t\t<div class=\"elementor-container elementor-column-gap-default\">\n\t\t\t\t\t<div class=\"elementor-column elementor-col-100 elementor-top-column elementor-element elementor-element-b5ee0cf\" data-id=\"b5ee0cf\" data-element_type=\"column\">\n\t\t\t<div class=\"elementor-widget-wrap elementor-element-populated\">\n\t\t\t\t\t\t<div class=\"elementor-element elementor-element-751c01d elementor-widget elementor-widget-heading\" data-id=\"751c01d\" data-element_type=\"widget\" data-widget_type=\"heading.default\">\n\t\t\t\t<div class=\"elementor-widget-container\">\n\t\t\t\t\t<h3 class=\"elementor-heading-title elementor-size-default\">Wedding rings configurator<\/h3>\t\t\t\t<\/div>\n\t\t\t\t<\/div>\n\t\t\t\t<div class=\"elementor-element elementor-element-2f761d9 elementor-widget elementor-widget-text-editor\" data-id=\"2f761d9\" data-element_type=\"widget\" data-widget_type=\"text-editor.default\">\n\t\t\t\t<div class=\"elementor-widget-container\">\n\t\t\t\t\t\t\t\t\t<p style=\"text-align: center;\">Design your own dream rings from the comfort of your home with the 3D wedding ring configurator.<br \/>Get inspired by choosing individually preconfigured wedding ring models and develop these models further.<\/p><p style=\"text-align: center;\">After creating your own wedding rings, just save with the button &quot;Load\/Save&quot; \u2192 &quot;Save configuration&quot;, close the window and &quot;Print page&quot;.<br \/>Your configuration will be saved in a .pdf file that you send to us with your contact information at crown(at)crown.cz.<br \/>We will contact you and agree on the details.<\/p><p style=\"text-align: center;\">Should you have any questions, you can also contact us on  +420 736 634 551.<\/p>\t\t\t\t\t\t\t\t<\/div>\n\t\t\t\t<\/div>\n\t\t\t\t<div class=\"elementor-element elementor-element-fbec153 elementor-align-center elementor-widget elementor-widget-button\" data-id=\"fbec153\" data-element_type=\"widget\" data-widget_type=\"button.default\">\n\t\t\t\t<div class=\"elementor-widget-container\">\n\t\t\t\t\t\t\t\t\t<div class=\"elementor-button-wrapper\">\n\t\t\t\t\t<a class=\"elementor-button elementor-button-link elementor-size-sm\" href=\"https:\/\/cz.bmarings-configurator.com\/home\">\n\t\t\t\t\t\t<span class=\"elementor-button-content-wrapper\">\n\t\t\t\t\t\t\t\t\t<span class=\"elementor-button-text\">Configurator<\/span>\n\t\t\t\t\t<\/span>\n\t\t\t\t\t<\/a>\n\t\t\t\t<\/div>\n\t\t\t\t\t\t\t\t<\/div>\n\t\t\t\t<\/div>\n\t\t\t\t\t<\/div>\n\t\t<\/div>\n\t\t\t\t\t<\/div>\n\t\t<\/section>\n\t\t\t\t<\/div>","protected":false},"excerpt":{"rendered":"<p>Konfigur\u00e1tor snubn\u00edch prsten\u016f Navrhn\u011bte si sv\u00e9 vlastn\u00ed prsteny sn\u016f pohodln\u011b z domova pomoc\u00ed 3D konfigur\u00e1toru snubn\u00edch prsten\u016f.Inspirujte se v\u00fdb\u011brem individu\u00e1ln\u011b p\u0159edkonfigurovan\u00fdch model\u016f snubn\u00edch prsten\u016f a d\u00e1le tyto modely rozv\u00edjejte. Po vytvo\u0159en\u00ed vlastn\u00edch snubn\u00edch prsten\u016f sta\u010d\u00ed ulo\u017eit tla\u010d\u00edtkem &#8222;Na\u010d\u00edt\u00e1n\u00ed\/Ukl\u00e1d\u00e1n\u00ed&#8220; \u2192 &#8222;Ulo\u017e konfiguraci&#8220;, zav\u0159\u00edt okno a &#8222;Vytisknout str\u00e1nku&#8220;.Va\u0161e konfigurace se V\u00e1m ulo\u017e\u00ed v .pdf souboru, kter\u00fd n\u00e1m &hellip;<\/p>\n<p class=\"read-more\"> <a class=\"\" href=\"https:\/\/crown.cz\/en\/snubni-prsteny\/konfigurator-sp\/\"> <span class=\"screen-reader-text\">WR configurator<\/span> Read More &raquo;<\/a><\/p>","protected":false},"author":1,"featured_media":0,"parent":1607,"menu_order":0,"comment_status":"closed","ping_status":"closed","template":"","meta":{"_uag_custom_page_level_css":"","site-sidebar-layout":"no-sidebar","site-content-layout":"page-builder","ast-site-content-layout":"","site-content-style":"default","site-sidebar-style":"default","ast-global-header-display":"","ast-banner-title-visibility":"","ast-main-header-display":"","ast-hfb-above-header-display":"","ast-hfb-below-header-display":"","ast-hfb-mobile-header-display":"","site-post-title":"disabled","ast-breadcrumbs-content":"","ast-featured-img":"disabled","footer-sml-layout":"","theme-transparent-header-meta":"","adv-header-id-meta":"","stick-header-meta":"","header-above-stick-meta":"","header-main-stick-meta":"","header-below-stick-meta":"","astra-migrate-meta-layouts":"","footnotes":""},"class_list":["post-1971","page","type-page","status-publish","hentry"],"uagb_featured_image_src":{"full":false,"thumbnail":false,"medium":false,"medium_large":false,"large":false,"1536x1536":false,"2048x2048":false,"trp-custom-language-flag":false},"uagb_author_info":{"display_name":"admin","author_link":"https:\/\/crown.cz\/en\/author\/admin\/"},"uagb_comment_info":0,"uagb_excerpt":"Konfigur\u00e1tor snubn\u00edch prsten\u016f Navrhn\u011bte si sv\u00e9 vlastn\u00ed prsteny sn\u016f pohodln\u011b z domova pomoc\u00ed 3D konfigur\u00e1toru snubn\u00edch prsten\u016f.Inspirujte se v\u00fdb\u011brem individu\u00e1ln\u011b p\u0159edkonfigurovan\u00fdch model\u016f snubn\u00edch prsten\u016f a d\u00e1le tyto modely rozv\u00edjejte. Po vytvo\u0159en\u00ed vlastn\u00edch snubn\u00edch prsten\u016f sta\u010d\u00ed ulo\u017eit tla\u010d\u00edtkem &#8222;Na\u010d\u00edt\u00e1n\u00ed\/Ukl\u00e1d\u00e1n\u00ed&#8220; \u2192 &#8222;Ulo\u017e konfiguraci&#8220;, zav\u0159\u00edt okno a &#8222;Vytisknout str\u00e1nku&#8220;.Va\u0161e konfigurace se V\u00e1m ulo\u017e\u00ed v .pdf souboru, kter\u00fd n\u00e1m&hellip;","_links":{"self":[{"href":"https:\/\/crown.cz\/en\/wp-json\/wp\/v2\/pages\/1971","targetHints":{"allow":["GET"]}}],"collection":[{"href":"https:\/\/crown.cz\/en\/wp-json\/wp\/v2\/pages"}],"about":[{"href":"https:\/\/crown.cz\/en\/wp-json\/wp\/v2\/types\/page"}],"author":[{"embeddable":true,"href":"https:\/\/crown.cz\/en\/wp-json\/wp\/v2\/users\/1"}],"replies":[{"embeddable":true,"href":"https:\/\/crown.cz\/en\/wp-json\/wp\/v2\/comments?post=1971"}],"version-history":[{"count":22,"href":"https:\/\/crown.cz\/en\/wp-json\/wp\/v2\/pages\/1971\/revisions"}],"predecessor-version":[{"id":2031,"href":"https:\/\/crown.cz\/en\/wp-json\/wp\/v2\/pages\/1971\/revisions\/2031"}],"up":[{"embeddable":true,"href":"https:\/\/crown.cz\/en\/wp-json\/wp\/v2\/pages\/1607"}],"wp:attachment":[{"href":"https:\/\/crown.cz\/en\/wp-json\/wp\/v2\/media?parent=1971"}],"curies":[{"name":"wp","href":"https:\/\/api.w.org\/{rel}","templated":true}]}}