{"id":1748,"date":"2023-02-24T12:38:52","date_gmt":"2023-02-24T11:38:52","guid":{"rendered":"https:\/\/crown.mijaros.cz\/?page_id=1748"},"modified":"2023-03-15T17:05:45","modified_gmt":"2023-03-15T16:05:45","slug":"odpady","status":"publish","type":"page","link":"https:\/\/crown.cz\/en\/odpady\/","title":{"rendered":"Refining"},"content":{"rendered":"<div data-elementor-type=\"wp-page\" data-elementor-id=\"1748\" class=\"elementor elementor-1748\">\n\t\t\t\t\t\t<section class=\"elementor-section elementor-top-section elementor-element elementor-element-77827c5 elementor-section-boxed elementor-section-height-default elementor-section-height-default\" data-id=\"77827c5\" data-element_type=\"section\">\n\t\t\t\t\t\t<div class=\"elementor-container elementor-column-gap-default\">\n\t\t\t\t\t<div class=\"elementor-column elementor-col-100 elementor-top-column elementor-element elementor-element-e10b433\" data-id=\"e10b433\" data-element_type=\"column\">\n\t\t\t<div class=\"elementor-widget-wrap elementor-element-populated\">\n\t\t\t\t\t\t<div class=\"elementor-element elementor-element-1abb482 elementor-widget elementor-widget-heading\" data-id=\"1abb482\" data-element_type=\"widget\" data-widget_type=\"heading.default\">\n\t\t\t\t<div class=\"elementor-widget-container\">\n\t\t\t\t\t<h3 class=\"elementor-heading-title elementor-size-default\">Refining<\/h3>\t\t\t\t<\/div>\n\t\t\t\t<\/div>\n\t\t\t\t<div class=\"elementor-element elementor-element-eeafa51 elementor-widget elementor-widget-text-editor\" data-id=\"eeafa51\" data-element_type=\"widget\" data-widget_type=\"text-editor.default\">\n\t\t\t\t<div class=\"elementor-widget-container\">\n\t\t\t\t\t\t\t\t\t<p style=\"text-align: center;\">We deal with ecological refining and processing of waste containing precious metals (Au, Ag, Ir, Pd, Pt, Rh and others).<\/p><p style=\"text-align: center;\">For a quote, processing time, etc., please contact us by email with the details of your metal.<\/p>\t\t\t\t\t\t\t\t<\/div>\n\t\t\t\t<\/div>\n\t\t\t\t\t<\/div>\n\t\t<\/div>\n\t\t\t\t\t<\/div>\n\t\t<\/section>\n\t\t\t\t<section class=\"elementor-section elementor-top-section elementor-element elementor-element-e3b0429 elementor-section-boxed elementor-section-height-default elementor-section-height-default\" data-id=\"e3b0429\" data-element_type=\"section\">\n\t\t\t\t\t\t<div class=\"elementor-container elementor-column-gap-default\">\n\t\t\t\t\t<div class=\"elementor-column elementor-col-100 elementor-top-column elementor-element elementor-element-758707a\" data-id=\"758707a\" data-element_type=\"column\">\n\t\t\t<div class=\"elementor-widget-wrap elementor-element-populated\">\n\t\t\t\t\t\t<div class=\"elementor-element elementor-element-dfebd6f uael-img-grid__column-3 uael-img-grid-tablet__column-3 uael-img-grid-mobile__column-2 uael-ins-normal elementor-widget elementor-widget-uael-image-gallery\" data-id=\"dfebd6f\" data-element_type=\"widget\" data-settings=\"{&quot;gallery_columns&quot;:&quot;3&quot;,&quot;gallery_columns_tablet&quot;:&quot;3&quot;,&quot;gallery_columns_mobile&quot;:&quot;2&quot;,&quot;column_gap&quot;:{&quot;unit&quot;:&quot;px&quot;,&quot;size&quot;:20,&quot;sizes&quot;:[]},&quot;column_gap_tablet&quot;:{&quot;unit&quot;:&quot;px&quot;,&quot;size&quot;:&quot;&quot;,&quot;sizes&quot;:[]},&quot;column_gap_mobile&quot;:{&quot;unit&quot;:&quot;px&quot;,&quot;size&quot;:&quot;&quot;,&quot;sizes&quot;:[]},&quot;row_gap&quot;:{&quot;unit&quot;:&quot;px&quot;,&quot;size&quot;:20,&quot;sizes&quot;:[]},&quot;row_gap_tablet&quot;:{&quot;unit&quot;:&quot;px&quot;,&quot;size&quot;:&quot;&quot;,&quot;sizes&quot;:[]},&quot;row_gap_mobile&quot;:{&quot;unit&quot;:&quot;px&quot;,&quot;size&quot;:&quot;&quot;,&quot;sizes&quot;:[]},&quot;images_valign&quot;:&quot;flex-start&quot;}\" data-widget_type=\"uael-image-gallery.default\">\n\t\t\t\t<div class=\"elementor-widget-container\">\n\t\t\t\t\t<div class=\"uael-gallery-parent uael-caption- uael-gallery-unjustified\"><div class=\"uael-img-gallery-wrap uael-img-grid-wrap uael-img-grid-masonry-wrap\" data-filter-default=\"All\"><div class=\"uael-grid-item  uael-img-gallery-item-1\"><div class=\"uael-grid-item-content\"><figure class=\"uael-grid-img uael-grid-gallery-img uael-ins-hover elementor-clickable\"><div class=\"uael-grid-img-thumbnail uael-ins-target\"><img fetchpriority=\"high\" decoding=\"async\" width=\"300\" height=\"169\" src=\"https:\/\/crown.cz\/wp-content\/uploads\/2023\/03\/R6.jpg\" class=\"attachment-medium size-medium wp-image-2072\" alt=\"\" \/><\/div><div class=\"uael-grid-img-overlay\"><\/div><\/figure><\/div><\/div><div class=\"uael-grid-item  uael-img-gallery-item-2\"><div class=\"uael-grid-item-content\"><figure class=\"uael-grid-img uael-grid-gallery-img uael-ins-hover elementor-clickable\"><div class=\"uael-grid-img-thumbnail uael-ins-target\"><img decoding=\"async\" width=\"300\" height=\"169\" src=\"https:\/\/crown.cz\/wp-content\/uploads\/2023\/03\/R5.jpg\" class=\"attachment-medium size-medium wp-image-2071\" alt=\"\" \/><\/div><div class=\"uael-grid-img-overlay\"><\/div><\/figure><\/div><\/div><div class=\"uael-grid-item  uael-img-gallery-item-3\"><div class=\"uael-grid-item-content\"><figure class=\"uael-grid-img uael-grid-gallery-img uael-ins-hover elementor-clickable\"><div class=\"uael-grid-img-thumbnail uael-ins-target\"><img decoding=\"async\" width=\"300\" height=\"169\" src=\"https:\/\/crown.cz\/wp-content\/uploads\/2023\/03\/R2.jpg\" class=\"attachment-medium size-medium wp-image-2074\" alt=\"\" \/><\/div><div class=\"uael-grid-img-overlay\"><\/div><\/figure><\/div><\/div><div class=\"uael-grid-item  uael-img-gallery-item-4\"><div class=\"uael-grid-item-content\"><figure class=\"uael-grid-img uael-grid-gallery-img uael-ins-hover elementor-clickable\"><div class=\"uael-grid-img-thumbnail uael-ins-target\"><img loading=\"lazy\" decoding=\"async\" width=\"300\" height=\"169\" src=\"https:\/\/crown.cz\/wp-content\/uploads\/2023\/03\/R1.jpg\" class=\"attachment-medium size-medium wp-image-2073\" alt=\"\" \/><\/div><div class=\"uael-grid-img-overlay\"><\/div><\/figure><\/div><\/div><div class=\"uael-grid-item  uael-img-gallery-item-5\"><div class=\"uael-grid-item-content\"><figure class=\"uael-grid-img uael-grid-gallery-img uael-ins-hover elementor-clickable\"><div class=\"uael-grid-img-thumbnail uael-ins-target\"><img loading=\"lazy\" decoding=\"async\" width=\"300\" height=\"169\" src=\"https:\/\/crown.cz\/wp-content\/uploads\/2023\/03\/R4.jpg\" class=\"attachment-medium size-medium wp-image-2076\" alt=\"\" \/><\/div><div class=\"uael-grid-img-overlay\"><\/div><\/figure><\/div><\/div><div class=\"uael-grid-item  uael-img-gallery-item-6\"><div class=\"uael-grid-item-content\"><figure class=\"uael-grid-img uael-grid-gallery-img uael-ins-hover elementor-clickable\"><div class=\"uael-grid-img-thumbnail uael-ins-target\"><img loading=\"lazy\" decoding=\"async\" width=\"300\" height=\"169\" src=\"https:\/\/crown.cz\/wp-content\/uploads\/2023\/03\/R3.jpg\" class=\"attachment-medium size-medium wp-image-2075\" alt=\"\" \/><\/div><div class=\"uael-grid-img-overlay\"><\/div><\/figure><\/div><\/div><\/div><\/div>\t\t\t\t<\/div>\n\t\t\t\t<\/div>\n\t\t\t\t\t<\/div>\n\t\t<\/div>\n\t\t\t\t\t<\/div>\n\t\t<\/section>\n\t\t\t\t<\/div>","protected":false},"excerpt":{"rendered":"<p>Vyt\u011b\u017eov\u00e1n\u00ed odpad\u016f Zab\u00fdv\u00e1me se ekologick\u00fdm vyt\u011b\u017een\u00edm a zpracov\u00e1n\u00edm odpad\u016f s\u00a0obsahem drah\u00fdch kov\u016f (Au, Ag, Ir, Pd, Pt, Rh a dal\u0161\u00ed). Pro cenovou nab\u00eddku, dobu zpracov\u00e1n\u00ed, atd. n\u00e1s pros\u00edm kontaktujte emailem s\u00a0podrobnosti o va\u0161em kovu.<\/p>","protected":false},"author":1,"featured_media":0,"parent":0,"menu_order":0,"comment_status":"closed","ping_status":"closed","template":"","meta":{"_uag_custom_page_level_css":"","site-sidebar-layout":"no-sidebar","site-content-layout":"page-builder","ast-site-content-layout":"","site-content-style":"default","site-sidebar-style":"default","ast-global-header-display":"","ast-banner-title-visibility":"","ast-main-header-display":"","ast-hfb-above-header-display":"","ast-hfb-below-header-display":"","ast-hfb-mobile-header-display":"","site-post-title":"disabled","ast-breadcrumbs-content":"","ast-featured-img":"disabled","footer-sml-layout":"","theme-transparent-header-meta":"","adv-header-id-meta":"","stick-header-meta":"","header-above-stick-meta":"","header-main-stick-meta":"","header-below-stick-meta":"","astra-migrate-meta-layouts":"","footnotes":""},"class_list":["post-1748","page","type-page","status-publish","hentry"],"uagb_featured_image_src":{"full":false,"thumbnail":false,"medium":false,"medium_large":false,"large":false,"1536x1536":false,"2048x2048":false,"trp-custom-language-flag":false},"uagb_author_info":{"display_name":"admin","author_link":"https:\/\/crown.cz\/en\/author\/admin\/"},"uagb_comment_info":0,"uagb_excerpt":"Vyt\u011b\u017eov\u00e1n\u00ed odpad\u016f Zab\u00fdv\u00e1me se ekologick\u00fdm vyt\u011b\u017een\u00edm a zpracov\u00e1n\u00edm odpad\u016f s\u00a0obsahem drah\u00fdch kov\u016f (Au, Ag, Ir, Pd, Pt, Rh a dal\u0161\u00ed). Pro cenovou nab\u00eddku, dobu zpracov\u00e1n\u00ed, atd. n\u00e1s pros\u00edm kontaktujte emailem s\u00a0podrobnosti o va\u0161em kovu.","_links":{"self":[{"href":"https:\/\/crown.cz\/en\/wp-json\/wp\/v2\/pages\/1748","targetHints":{"allow":["GET"]}}],"collection":[{"href":"https:\/\/crown.cz\/en\/wp-json\/wp\/v2\/pages"}],"about":[{"href":"https:\/\/crown.cz\/en\/wp-json\/wp\/v2\/types\/page"}],"author":[{"embeddable":true,"href":"https:\/\/crown.cz\/en\/wp-json\/wp\/v2\/users\/1"}],"replies":[{"embeddable":true,"href":"https:\/\/crown.cz\/en\/wp-json\/wp\/v2\/comments?post=1748"}],"version-history":[{"count":51,"href":"https:\/\/crown.cz\/en\/wp-json\/wp\/v2\/pages\/1748\/revisions"}],"predecessor-version":[{"id":2120,"href":"https:\/\/crown.cz\/en\/wp-json\/wp\/v2\/pages\/1748\/revisions\/2120"}],"wp:attachment":[{"href":"https:\/\/crown.cz\/en\/wp-json\/wp\/v2\/media?parent=1748"}],"curies":[{"name":"wp","href":"https:\/\/api.w.org\/{rel}","templated":true}]}}