{"id":1429,"date":"2023-02-22T15:14:55","date_gmt":"2023-02-22T14:14:55","guid":{"rendered":"https:\/\/crown.mijaros.cz\/?page_id=1429"},"modified":"2023-02-24T13:00:56","modified_gmt":"2023-02-24T12:00:56","slug":"kontakty","status":"publish","type":"page","link":"https:\/\/crown.cz\/en\/kontakty\/","title":{"rendered":"Contact"},"content":{"rendered":"<div data-elementor-type=\"wp-page\" data-elementor-id=\"1429\" class=\"elementor elementor-1429\">\n\t\t\t\t\t\t<section class=\"elementor-section elementor-top-section elementor-element elementor-element-4310a1e elementor-section-boxed elementor-section-height-default elementor-section-height-default\" data-id=\"4310a1e\" data-element_type=\"section\">\n\t\t\t\t\t\t<div class=\"elementor-container elementor-column-gap-default\">\n\t\t\t\t\t<div class=\"elementor-column elementor-col-100 elementor-top-column elementor-element elementor-element-39736de\" data-id=\"39736de\" data-element_type=\"column\">\n\t\t\t<div class=\"elementor-widget-wrap elementor-element-populated\">\n\t\t\t\t\t\t<div class=\"elementor-element elementor-element-908f278 elementor-widget elementor-widget-heading\" data-id=\"908f278\" data-element_type=\"widget\" data-widget_type=\"heading.default\">\n\t\t\t\t<div class=\"elementor-widget-container\">\n\t\t\t\t\t<h3 class=\"elementor-heading-title elementor-size-default\">Contacts<\/h3>\t\t\t\t<\/div>\n\t\t\t\t<\/div>\n\t\t\t\t<section class=\"elementor-section elementor-inner-section elementor-element elementor-element-e6ec3b4 elementor-section-boxed elementor-section-height-default elementor-section-height-default\" data-id=\"e6ec3b4\" data-element_type=\"section\">\n\t\t\t\t\t\t<div class=\"elementor-container elementor-column-gap-default\">\n\t\t\t\t\t<div class=\"elementor-column elementor-col-25 elementor-inner-column elementor-element elementor-element-481fc8c\" data-id=\"481fc8c\" data-element_type=\"column\">\n\t\t\t<div class=\"elementor-widget-wrap elementor-element-populated\">\n\t\t\t\t\t\t<div class=\"elementor-element elementor-element-e43454a elementor-widget elementor-widget-text-editor\" data-id=\"e43454a\" data-element_type=\"widget\" data-widget_type=\"text-editor.default\">\n\t\t\t\t<div class=\"elementor-widget-container\">\n\t\t\t\t\t\t\t\t\t<h5>Company headquarters<\/h5><div style=\"line-height: 1.2;\"><address>CROWN CZ a.s.<br \/>\u010ceskoslovensk\u00e9 arm\u00e1dy 353\/I<br \/>500 00\u00a0 Hradec Kr\u00e1lov\u00e9<br \/>\u010cesk\u00e1 republika<\/address><\/div>\t\t\t\t\t\t\t\t<\/div>\n\t\t\t\t<\/div>\n\t\t\t\t\t<\/div>\n\t\t<\/div>\n\t\t\t\t<div class=\"elementor-column elementor-col-25 elementor-inner-column elementor-element elementor-element-eb7913a\" data-id=\"eb7913a\" data-element_type=\"column\">\n\t\t\t<div class=\"elementor-widget-wrap elementor-element-populated\">\n\t\t\t\t\t\t<div class=\"elementor-element elementor-element-0b766e5 elementor-widget elementor-widget-text-editor\" data-id=\"0b766e5\" data-element_type=\"widget\" data-widget_type=\"text-editor.default\">\n\t\t\t\t<div class=\"elementor-widget-container\">\n\t\t\t\t\t\t\t\t\t<div style=\"line-height: 1.2;\">\n<h5 style=\"font-size: 0.941176rem; font-style: normal;\">Contact address<\/h5>\n<address>CROWN CZ a.s.<br>Havl\u00ed\u010dkovo n\u00e1m\u011bst\u00ed 99\/I<br>380 01&nbsp; Da\u010dice<br>\u010cesk\u00e1 republika<\/address>\n<\/div>\t\t\t\t\t\t\t\t<\/div>\n\t\t\t\t<\/div>\n\t\t\t\t\t<\/div>\n\t\t<\/div>\n\t\t\t\t<div class=\"elementor-column elementor-col-25 elementor-inner-column elementor-element elementor-element-6924fc6\" data-id=\"6924fc6\" data-element_type=\"column\">\n\t\t\t<div class=\"elementor-widget-wrap elementor-element-populated\">\n\t\t\t\t\t\t<div class=\"elementor-element elementor-element-6d0e13f elementor-widget elementor-widget-text-editor\" data-id=\"6d0e13f\" data-element_type=\"widget\" data-widget_type=\"text-editor.default\">\n\t\t\t\t<div class=\"elementor-widget-container\">\n\t\t\t\t\t\t\t\t\t<div style=\"line-height: 1.2;\"><h5>Contacts<\/h5><table class=\"contacts\"><tbody><tr><td>Email:<\/td><td>crown(at)crown.cz<\/td><\/tr><tr><td>Web:<\/td><td>www.crown.cz<\/td><\/tr><tr><td>Phone<\/td><td>+420 384 420 722<\/td><\/tr><tr><td>Cell<\/td><td>+420 736 634 551<\/td><\/tr><tr><td>Cell<\/td><td>+420 736 634 553<\/td><\/tr><tr><td>Cell<\/td><td>+420 736 634 555<\/td><\/tr><\/tbody><\/table><\/div>\t\t\t\t\t\t\t\t<\/div>\n\t\t\t\t<\/div>\n\t\t\t\t\t<\/div>\n\t\t<\/div>\n\t\t\t\t<div class=\"elementor-column elementor-col-25 elementor-inner-column elementor-element elementor-element-b02bbe8\" data-id=\"b02bbe8\" data-element_type=\"column\">\n\t\t\t<div class=\"elementor-widget-wrap elementor-element-populated\">\n\t\t\t\t\t\t<div class=\"elementor-element elementor-element-f07b4cd elementor-widget elementor-widget-text-editor\" data-id=\"f07b4cd\" data-element_type=\"widget\" data-widget_type=\"text-editor.default\">\n\t\t\t\t<div class=\"elementor-widget-container\">\n\t\t\t\t\t\t\t\t\t<h5><br\/><\/h5>\n<div style=\"line-height: 1.2;\">\n<table class=\"contacts\">\n<tbody>\n<tr>\n<td>I\u010c:<\/td>\n<td>260 72 106<\/td>\n<\/tr>\n<tr>\n<td>DI\u010c:<\/td>\n<td>CZ 260 72 106<\/td>\n<\/tr>\n<tr>\n<td>EORI:<\/td>\n<td>CZ 260 72 106<\/td>\n<\/tr>\n<tr>\n<td>Dat. chr\u00e1nka:<\/td>\n<td>p92dh28<\/td>\n<\/tr>\n<tr>\n<td colspan=\"2\">Spisov\u00e1 zna\u010dka: B 2648 vedena u Krajsk\u00e9ho soudu v Hradci Kr\u00e1lov\u00e9<\/td>\n<\/tr>\n<\/tbody>\n<\/table>\n<\/div>\t\t\t\t\t\t\t\t<\/div>\n\t\t\t\t<\/div>\n\t\t\t\t\t<\/div>\n\t\t<\/div>\n\t\t\t\t\t<\/div>\n\t\t<\/section>\n\t\t\t\t\t<\/div>\n\t\t<\/div>\n\t\t\t\t\t<\/div>\n\t\t<\/section>\n\t\t\t\t<\/div>","protected":false},"excerpt":{"rendered":"<p>Kontaktn\u00ed \u00fadaje S\u00eddlo spole\u010dnosti CROWN CZ a.s.\u010ceskoslovensk\u00e9 arm\u00e1dy 353\/I500 00\u00a0 Hradec Kr\u00e1lov\u00e9\u010cesk\u00e1 republika Koresponden\u010dn\u00ed adresa CROWN CZ a.s.Havl\u00ed\u010dkovo n\u00e1m\u011bst\u00ed 99\/I380 01&nbsp; Da\u010dice\u010cesk\u00e1 republika Kontakty Email: crown(at)crown.cz Web: www.crown.cz Telefon: +420 384 420 722 Mobil: +420 736 634 551 Mobil: +420 736 634 553 Mobil: +420 736 634 555 I\u010c: 260 72 106 DI\u010c: CZ 260 &hellip;<\/p>\n<p class=\"read-more\"> <a class=\"\" href=\"https:\/\/crown.cz\/en\/kontakty\/\"> <span class=\"screen-reader-text\">Contact<\/span> Read More &raquo;<\/a><\/p>","protected":false},"author":1,"featured_media":0,"parent":0,"menu_order":0,"comment_status":"closed","ping_status":"closed","template":"","meta":{"_uag_custom_page_level_css":"","site-sidebar-layout":"no-sidebar","site-content-layout":"page-builder","ast-site-content-layout":"","site-content-style":"default","site-sidebar-style":"default","ast-global-header-display":"","ast-banner-title-visibility":"","ast-main-header-display":"","ast-hfb-above-header-display":"","ast-hfb-below-header-display":"","ast-hfb-mobile-header-display":"","site-post-title":"disabled","ast-breadcrumbs-content":"","ast-featured-img":"disabled","footer-sml-layout":"","theme-transparent-header-meta":"","adv-header-id-meta":"","stick-header-meta":"","header-above-stick-meta":"","header-main-stick-meta":"","header-below-stick-meta":"","astra-migrate-meta-layouts":"","footnotes":""},"class_list":["post-1429","page","type-page","status-publish","hentry"],"uagb_featured_image_src":{"full":false,"thumbnail":false,"medium":false,"medium_large":false,"large":false,"1536x1536":false,"2048x2048":false,"trp-custom-language-flag":false},"uagb_author_info":{"display_name":"admin","author_link":"https:\/\/crown.cz\/en\/author\/admin\/"},"uagb_comment_info":0,"uagb_excerpt":"Kontaktn\u00ed \u00fadaje S\u00eddlo spole\u010dnosti CROWN CZ a.s.\u010ceskoslovensk\u00e9 arm\u00e1dy 353\/I500 00\u00a0 Hradec Kr\u00e1lov\u00e9\u010cesk\u00e1 republika Koresponden\u010dn\u00ed adresa CROWN CZ a.s.Havl\u00ed\u010dkovo n\u00e1m\u011bst\u00ed 99\/I380 01&nbsp; Da\u010dice\u010cesk\u00e1 republika Kontakty Email: crown(at)crown.cz Web: www.crown.cz Telefon: +420 384 420 722 Mobil: +420 736 634 551 Mobil: +420 736 634 553 Mobil: +420 736 634 555 I\u010c: 260 72 106 DI\u010c: CZ 260&hellip;","_links":{"self":[{"href":"https:\/\/crown.cz\/en\/wp-json\/wp\/v2\/pages\/1429","targetHints":{"allow":["GET"]}}],"collection":[{"href":"https:\/\/crown.cz\/en\/wp-json\/wp\/v2\/pages"}],"about":[{"href":"https:\/\/crown.cz\/en\/wp-json\/wp\/v2\/types\/page"}],"author":[{"embeddable":true,"href":"https:\/\/crown.cz\/en\/wp-json\/wp\/v2\/users\/1"}],"replies":[{"embeddable":true,"href":"https:\/\/crown.cz\/en\/wp-json\/wp\/v2\/comments?post=1429"}],"version-history":[{"count":47,"href":"https:\/\/crown.cz\/en\/wp-json\/wp\/v2\/pages\/1429\/revisions"}],"predecessor-version":[{"id":1763,"href":"https:\/\/crown.cz\/en\/wp-json\/wp\/v2\/pages\/1429\/revisions\/1763"}],"wp:attachment":[{"href":"https:\/\/crown.cz\/en\/wp-json\/wp\/v2\/media?parent=1429"}],"curies":[{"name":"wp","href":"https:\/\/api.w.org\/{rel}","templated":true}]}}